{"id":63116,"date":"2025-12-12T19:23:50","date_gmt":"2025-12-12T18:23:50","guid":{"rendered":"https:\/\/www.mycover-protection.com\/sorteo\/"},"modified":"2026-03-25T12:18:41","modified_gmt":"2026-03-25T11:18:41","slug":"sorteo","status":"publish","type":"page","link":"https:\/\/www.mycover-protection.com\/es\/sorteo\/","title":{"rendered":"Sorteo"},"content":{"rendered":"\n<div class=\"wp-block-group alignfull wf-margin-bottom-0 has-white-color has-black-background-color has-text-color has-background\"><div class=\"wp-block-group__inner-container is-layout-flow wp-block-group-is-layout-flow\">\n<div style=\"height:100px\" aria-hidden=\"true\" class=\"wp-block-spacer wf-spacer-section\"><\/div>\n\n\n\n<p class=\"has-text-align-center wf-fake-h3 has-text-color\" style=\"color:#f4f4f4\">Sorteo<\/p>\n\n\n\n<h1 class=\"wp-block-heading has-text-align-center is-style-not-underlined wf-fake-h2\"><span class=\"has-inline-color has-white-color\">Condiciones de participaci\u00f3n del sorteo de Instagram de MYCOVER \u2013 Pascua 2026<\/span><\/h1>\n\n\n\n<div style=\"height:100px\" aria-hidden=\"true\" class=\"wp-block-spacer wf-spacer-section\"><\/div>\n<\/div><\/div>\n\n<div style=\"height:100px\" aria-hidden=\"true\" class=\"wp-block-spacer wf-spacer-section\"><\/div>\n\n<h2 class=\"wp-block-heading is-style-not-underlined\"><strong>1. Organizador y objeto<\/strong><\/h2>\n\n<p>1.1.<br\/>La <strong>MYCOVER Protection GmbH<\/strong>, Dahlenburger Landstra\u00dfe 179A, 21337 L\u00fcneburg, Alemania (\u00abOrganizador\u00bb), organiza un sorteo a trav\u00e9s de la plataforma de redes sociales <strong>Instagram<\/strong> (\u00abSorteo\u00bb).<\/p>\n\n<p>1.2.<br\/>El sorteo se promociona y se lleva a cabo a trav\u00e9s de la cuenta de Instagram <strong>@mycover_protection<\/strong>.<\/p>\n\n<p>1.3.<br\/>El sorteo <strong>no guarda ninguna relaci\u00f3n con Meta Platforms, Inc.<\/strong> (Instagram) y no est\u00e1 patrocinado, respaldado ni organizado de ninguna manera por Meta. El \u00fanico punto de contacto y responsable es el Organizador. <\/p>\n\n<p>1.4.<br\/>Al participar en el sorteo, el participante declara su conformidad con estas condiciones de participaci\u00f3n.<\/p>\n\n<hr class=\"wp-block-separator has-alpha-channel-opacity\"\/>\n\n<h2 class=\"wp-block-heading is-style-not-underlined\"><strong>2. Per\u00edodo de participaci\u00f3n<\/strong><\/h2>\n\n<p>2.1.<br\/>El periodo de participaci\u00f3n comienza con la publicaci\u00f3n de la entrada del sorteo en Instagram y finaliza el <strong>06.04.2026 a las 23:59 (CEST)<\/strong>.<\/p>\n\n<p>2.2.<br\/>El Organizador se reserva el derecho de finalizar el periodo de participaci\u00f3n antes de tiempo o de ampliarlo de forma razonable por un motivo importante (p. ej., incidencias t\u00e9cnicas, motivos legales).<\/p>\n\n<hr class=\"wp-block-separator has-alpha-channel-opacity\"\/>\n\n<h2 class=\"wp-block-heading is-style-not-underlined\"><strong>3. Derecho a participar<\/strong><\/h2>\n\n<p>3.1.<br\/>Podr\u00e1n participar <strong>personas f\u00edsicas que hayan cumplido 18 a\u00f1os<\/strong> y tengan su residencia en un Estado miembro de la <strong>Uni\u00f3n Europea, el Espacio Econ\u00f3mico Europeo (EEE) o Suiza<\/strong>.<\/p>\n\n<p>3.2.<br\/>Quedan excluidos de la participaci\u00f3n los empleados del Organizador, sus familiares, as\u00ed como las personas implicadas en la concepci\u00f3n y ejecuci\u00f3n del sorteo.<\/p>\n\n<p>3.3.<br\/>La participaci\u00f3n est\u00e1 permitida <strong>solo una vez por persona<\/strong> (independientemente del n\u00famero de cuentas de Instagram utilizadas). En caso de participaciones m\u00faltiples o uso de varias cuentas, el Organizador se reserva el derecho de excluir al participante. <\/p>\n\n<p>3.4.<br\/>No se permite la participaci\u00f3n a trav\u00e9s de servicios automatizados (bots, servicios de sorteos o similares) y conlleva la exclusi\u00f3n.<\/p>\n\n<hr class=\"wp-block-separator has-alpha-channel-opacity\"\/>\n\n<h2 class=\"wp-block-heading is-style-not-underlined\"><strong>4. Participaci\u00f3n en el sorteo<\/strong><\/h2>\n\n<p>4.1.<br\/>La participaci\u00f3n se realiza exclusivamente dentro del periodo de participaci\u00f3n, cumpliendo todos los pasos siguientes:<\/p>\n\n<ul class=\"wp-block-list\">\n<li>Seguir la cuenta de Instagram <strong>@mycover_protection<\/strong><\/li>\n\n\n\n<li>Dar me gusta a la publicaci\u00f3n del sorteo<\/li>\n\n\n\n<li>Comentar la publicaci\u00f3n <strong>mencionando (tag) a otra persona<\/strong><\/li>\n<\/ul>\n\n<p>4.2.<br\/>La participaci\u00f3n es gratuita y no est\u00e1 vinculada a una compra ni a ninguna otra prestaci\u00f3n de pago.<\/p>\n\n<p>4.3.<br\/>El Organizador se reserva el derecho de eliminar comentarios que infrinjan la legislaci\u00f3n vigente, la moral o las condiciones de uso de Instagram, y de excluir al participante.<\/p>\n\n<hr class=\"wp-block-separator has-alpha-channel-opacity\"\/>\n\n<h2 class=\"wp-block-heading is-style-not-underlined\"><strong>5. Premios<\/strong><\/h2>\n\n<p>5.1.<br\/>Se sortear\u00e1n los siguientes premios:<\/p>\n\n<ul class=\"wp-block-list\">\n<li><strong>1.\u00ba paquete:<\/strong>\n<ul class=\"wp-block-list\">\n<li>1\u00d7 Funda para moto MYCOVER (talla a elegir)<\/li>\n\n\n\n<li>1\u00d7 ABUS GRANIT Detecto SmartX 8078 2.0<\/li>\n\n\n\n<li>1\u00d7 Nikwax Leather Cleaner<\/li>\n\n\n\n<li>1\u00d7 Side Stand Pad (placa para pata de cabra)<\/li>\n<\/ul>\n<\/li>\n\n\n\n<li><strong>2.\u00ba paquete:<\/strong>\n<ul class=\"wp-block-list\">\n<li>1\u00d7 Funda para moto MYCOVER (talla a elegir)<\/li>\n\n\n\n<li>1\u00d7 Nikwax Leather Cleaner<\/li>\n\n\n\n<li>1\u00d7 Side Stand Pad (placa para pata de cabra)<\/li>\n<\/ul>\n<\/li>\n\n\n\n<li><strong>3.\u00ba paquete:<\/strong>\n<ul class=\"wp-block-list\">\n<li>1\u00d7 Funda para moto MYCOVER (talla a elegir)<\/li>\n\n\n\n<li>1\u00d7 Side Stand Pad (placa para pata de cabra)<\/li>\n<\/ul>\n<\/li>\n<\/ul>\n\n<p>5.2.<br\/>No es posible el pago en efectivo, el cambio ni la transferencia del premio a terceros.<\/p>\n\n<p>5.3.<br\/>El Organizador se reserva el derecho de proporcionar un premio sustitutivo de valor equivalente en caso de no disponibilidad de un premio.<\/p>\n\n<p>5.4.<br\/>Las posibles obligaciones fiscales relacionadas con el premio corresponden al respectivo ganador.<\/p>\n\n<hr class=\"wp-block-separator has-alpha-channel-opacity\"\/>\n\n<h2 class=\"wp-block-heading is-style-not-underlined\"><strong>6. Determinaci\u00f3n de los ganadores<\/strong><\/h2>\n\n<p>6.1.<br\/>La determinaci\u00f3n de los ganadores se realizar\u00e1 tras finalizar el periodo de participaci\u00f3n por <strong>sorteo aleatorio<\/strong> entre todas las personas que participen v\u00e1lidamente.<\/p>\n\n<p>6.2.<br\/>El sorteo se realizar\u00e1 sin presencia de p\u00fablico.<\/p>\n\n<hr class=\"wp-block-separator has-alpha-channel-opacity\"\/>\n\n<h2 class=\"wp-block-heading is-style-not-underlined\"><strong>7. Notificaci\u00f3n al ganador y entrega del premio<\/strong><\/h2>\n\n<p>7.1.<br\/>Los ganadores ser\u00e1n notificados dentro de los 5 d\u00edas laborables posteriores al sorteo mediante <strong>mensaje directo de Instagram<\/strong>.<\/p>\n\n<p>7.2.<br\/>El ganador deber\u00e1 confirmar su premio dentro de <strong>14 d\u00edas<\/strong> tras la notificaci\u00f3n, respondiendo (incluidos los datos necesarios para el env\u00edo).<\/p>\n\n<p>7.3.<br\/>Si no se recibe respuesta, o no se recibe una respuesta completa, dentro del plazo, el derecho al premio caducar\u00e1 sin sustituci\u00f3n. El Organizador est\u00e1 autorizado a determinar un ganador suplente. <\/p>\n\n<hr class=\"wp-block-separator has-alpha-channel-opacity\"\/>\n\n<h2 class=\"wp-block-heading is-style-not-underlined\"><strong>8. Env\u00edo de los premios<\/strong><\/h2>\n\n<p>8.1.<br\/>El env\u00edo de los premios se realizar\u00e1 <strong>de forma gratuita<\/strong> a la direcci\u00f3n comunicada por el ganador.<\/p>\n\n<p>8.2.<br\/>El env\u00edo se limita a direcciones de entrega dentro de la <strong>Uni\u00f3n Europea, el Espacio Econ\u00f3mico Europeo (EEE) y Suiza<\/strong>.<\/p>\n\n<p>8.3.<br\/>El Organizador no se hace responsable de retrasos en la entrega o p\u00e9rdidas durante el env\u00edo, salvo que se deban a dolo o negligencia grave por parte del Organizador.<\/p>\n\n<hr class=\"wp-block-separator has-alpha-channel-opacity\"\/>\n\n<h2 class=\"wp-block-heading is-style-not-underlined\"><strong>9. Exclusi\u00f3n del sorteo<\/strong><\/h2>\n\n<p>9.1.<br\/>El Organizador se reserva el derecho de excluir a participantes del sorteo cuando exista un motivo importante, en particular en caso de:<\/p>\n\n<ul class=\"wp-block-list\">\n<li>Incumplimientos de estas condiciones de participaci\u00f3n<\/li>\n\n\n\n<li>Intentos de manipulaci\u00f3n o uso de medios auxiliares no autorizados<\/li>\n\n\n\n<li>Datos falsos o incompletos<\/li>\n\n\n\n<li>Incumplimientos de la legislaci\u00f3n vigente o de los derechos de terceros<\/li>\n<\/ul>\n\n<p>9.2.<br\/>En caso de exclusi\u00f3n posterior, podr\u00e1 reclamarse la devoluci\u00f3n de un premio ya entregado.<\/p>\n\n<hr class=\"wp-block-separator has-alpha-channel-opacity\"\/>\n\n<h2 class=\"wp-block-heading is-style-not-underlined\"><strong>10. Finalizaci\u00f3n o modificaciones anticipadas<\/strong><\/h2>\n\n<p>10.1.<br\/>El Organizador se reserva el derecho de modificar, suspender o finalizar anticipadamente el sorteo en cualquier momento por un motivo importante (p. ej., incidencias t\u00e9cnicas, motivos legales, fuerza mayor), sin que de ello se deriven reclamaciones de los participantes frente al Organizador.<\/p>\n\n<hr class=\"wp-block-separator has-alpha-channel-opacity\"\/>\n\n<h2 class=\"wp-block-heading is-style-not-underlined\"><strong>11. Responsabilidad<\/strong><\/h2>\n\n<p>11.1.<br\/>El Organizador responde sin limitaci\u00f3n en caso de dolo y negligencia grave, as\u00ed como por da\u00f1os derivados de lesiones a la vida, la integridad f\u00edsica o la salud.<\/p>\n\n<p>11.2.<br\/>En lo dem\u00e1s, la responsabilidad del Organizador queda excluida, en la medida en que lo permita la ley. Esto se aplica, en particular, a incidencias t\u00e9cnicas, interrupciones de la plataforma o p\u00e9rdidas de datos. <\/p>\n\n<p>11.3.<br\/>Las limitaciones de responsabilidad anteriores no se aplicar\u00e1n en la medida en que disposiciones legales imperativas (en particular, normas de protecci\u00f3n del consumidor del pa\u00eds de residencia del participante) se opongan a ello.<\/p>\n\n<hr class=\"wp-block-separator has-alpha-channel-opacity\"\/>\n\n<h2 class=\"wp-block-heading is-style-not-underlined\"><strong>12. Protecci\u00f3n de datos<\/strong><\/h2>\n\n<p>12.1.<br\/>El responsable del tratamiento de los datos personales en el marco del sorteo es el Organizador (datos de contacto, v\u00e9ase el apartado 1.1).<\/p>\n\n<p>12.2.<br\/>Los datos personales recogidos en el marco del sorteo (en particular, nombre de usuario de Instagram y, en su caso, nombre y direcci\u00f3n de entrega del ganador) se tratar\u00e1n exclusivamente con el fin de llevar a cabo y gestionar el sorteo. La base jur\u00eddica es el art. 6, apdo. 1, letra b del RGPD (ejecuci\u00f3n del contrato\/medidas precontractuales), as\u00ed como el art. 6, apdo. 1, letra f del RGPD (inter\u00e9s leg\u00edtimo en la correcta realizaci\u00f3n del sorteo).     <\/p>\n\n<p>12.3.<br\/>Los datos se eliminar\u00e1n una vez finalizada por completo la gesti\u00f3n del sorteo y transcurridos los posibles plazos legales de conservaci\u00f3n.<\/p>\n\n<p>12.4.<br\/>Los datos solo se comunicar\u00e1n a terceros en la medida en que sea necesario para la realizaci\u00f3n del sorteo (p. ej., a proveedores de servicios de env\u00edo para la entrega del premio).<\/p>\n\n<p>12.5.<br\/>El participante tiene derecho de acceso (art. 15 RGPD), rectificaci\u00f3n (art. 16 RGPD), supresi\u00f3n (art. 17 RGPD), limitaci\u00f3n del tratamiento (art. 18 RGPD), portabilidad de los datos (art. 20 RGPD), as\u00ed como oposici\u00f3n (art. 21 RGPD). Adem\u00e1s, existe el derecho a presentar una reclamaci\u00f3n ante una autoridad de control competente. <\/p>\n\n<p>12.6.<br\/>Encontrar\u00e1 m\u00e1s informaci\u00f3n sobre protecci\u00f3n de datos en: <a href=\"https:\/\/www.mycover-protection.com\/es\/politica-de-privacidad\/\">https:\/\/www.mycover-protection.com\/datenschutzerklaerung\/<\/a><\/p>\n\n<hr class=\"wp-block-separator has-alpha-channel-opacity\"\/>\n\n<h2 class=\"wp-block-heading is-style-not-underlined\"><strong>13. Disposiciones finales<\/strong><\/h2>\n\n<p>13.1.<br\/>Se aplicar\u00e1 el derecho de la Rep\u00fablica Federal de Alemania, con exclusi\u00f3n de la Convenci\u00f3n de las Naciones Unidas sobre los Contratos de Compraventa Internacional de Mercader\u00edas (CISG). Las disposiciones imperativas de protecci\u00f3n del consumidor del Estado en el que el participante tenga su residencia habitual no se ver\u00e1n afectadas. <\/p>\n\n<p>13.2.<br\/>Si alguna disposici\u00f3n de estas condiciones de participaci\u00f3n fuera o llegara a ser total o parcialmente inv\u00e1lida, la validez de las restantes disposiciones no se ver\u00e1 afectada.<\/p>\n\n<p>13.3.<br\/>Queda excluida la v\u00eda judicial.<\/p>\n\n<p>13.4.<br\/>La Comisi\u00f3n Europea pone a disposici\u00f3n una plataforma para la resoluci\u00f3n de litigios en l\u00ednea (RLL) en <a href=\"https:\/\/ec.europa.eu\/consumers\/odr\/\">https:\/\/ec.europa.eu\/consumers\/odr\/<\/a>. El Organizador no est\u00e1 obligado ni dispuesto a participar en un procedimiento de resoluci\u00f3n de litigios ante una entidad de resoluci\u00f3n alternativa de litigios en materia de consumo. <\/p>\n\n<p style=\"font-style:italic;font-weight:400\">Versi\u00f3n: marzo de 2026<\/p>\n","protected":false},"excerpt":{"rendered":"<p>Sorteo Condiciones de participaci\u00f3n del sorteo de Instagram de MYCOVER \u2013 Pascua 2026 1. Organizador y objeto 1.1.La MYCOVER Protection GmbH, Dahlenburger Landstra\u00dfe 179A, 21337 L\u00fcneburg, Alemania (\u00abOrganizador\u00bb), organiza un sorteo a trav\u00e9s de la plataforma de redes sociales Instagram (\u00abSorteo\u00bb). 1.2.El sorteo se promociona y se lleva a cabo a trav\u00e9s de la cuenta [&#8230;]<\/p>\n","protected":false},"author":293,"featured_media":0,"parent":0,"menu_order":0,"comment_status":"closed","ping_status":"closed","template":"page-blank.php","meta":{"footnotes":""},"class_list":["post-63116","page","type-page","status-publish","hentry"],"yoast_head":"<!-- This site is optimized with the Yoast SEO plugin v27.5 - https:\/\/yoast.com\/product\/yoast-seo-wordpress\/ -->\n<title>Sorteo - MYCOVER\u00ae Online Shop<\/title>\n<meta name=\"robots\" content=\"noindex, follow\" \/>\n<meta property=\"og:locale\" content=\"es_ES\" \/>\n<meta property=\"og:type\" content=\"article\" \/>\n<meta property=\"og:title\" content=\"Sorteo - MYCOVER\u00ae Online Shop\" \/>\n<meta property=\"og:description\" content=\"Sorteo Condiciones de participaci\u00f3n del sorteo de Instagram de MYCOVER \u2013 Pascua 2026 1. Organizador y objeto 1.1.La MYCOVER Protection GmbH, Dahlenburger Landstra\u00dfe 179A, 21337 L\u00fcneburg, Alemania (\u00abOrganizador\u00bb), organiza un sorteo a trav\u00e9s de la plataforma de redes sociales Instagram (\u00abSorteo\u00bb). 1.2.El sorteo se promociona y se lleva a cabo a trav\u00e9s de la cuenta [...]\" \/>\n<meta property=\"og:url\" content=\"https:\/\/www.mycover-protection.com\/es\/sorteo\/\" \/>\n<meta property=\"og:site_name\" content=\"MYCOVER\u00ae Online Shop\" \/>\n<meta property=\"article:publisher\" content=\"https:\/\/www.facebook.com\/Mycover-114242613377158\/\" \/>\n<meta property=\"article:modified_time\" content=\"2026-03-25T11:18:41+00:00\" \/>\n<meta property=\"og:image\" content=\"https:\/\/www.mycover-protection.com\/wp-content\/uploads\/2019\/12\/WF_IMG_7091.png\" \/>\n\t<meta property=\"og:image:width\" content=\"600\" \/>\n\t<meta property=\"og:image:height\" content=\"771\" \/>\n\t<meta property=\"og:image:type\" content=\"image\/png\" \/>\n<meta name=\"twitter:card\" content=\"summary_large_image\" \/>\n<meta name=\"twitter:label1\" content=\"Tiempo de lectura\" \/>\n\t<meta name=\"twitter:data1\" content=\"7 minutos\" \/>\n<script type=\"application\/ld+json\" class=\"yoast-schema-graph\">{\"@context\":\"https:\\\/\\\/schema.org\",\"@graph\":[{\"@type\":\"WebPage\",\"@id\":\"https:\\\/\\\/www.mycover-protection.com\\\/es\\\/sorteo\\\/\",\"url\":\"https:\\\/\\\/www.mycover-protection.com\\\/es\\\/sorteo\\\/\",\"name\":\"Sorteo - MYCOVER\u00ae Online Shop\",\"isPartOf\":{\"@id\":\"https:\\\/\\\/www.mycover-protection.com\\\/es\\\/#website\"},\"datePublished\":\"2025-12-12T18:23:50+00:00\",\"dateModified\":\"2026-03-25T11:18:41+00:00\",\"breadcrumb\":{\"@id\":\"https:\\\/\\\/www.mycover-protection.com\\\/es\\\/sorteo\\\/#breadcrumb\"},\"inLanguage\":\"es\",\"potentialAction\":[{\"@type\":\"ReadAction\",\"target\":[\"https:\\\/\\\/www.mycover-protection.com\\\/es\\\/sorteo\\\/\"]}]},{\"@type\":\"BreadcrumbList\",\"@id\":\"https:\\\/\\\/www.mycover-protection.com\\\/es\\\/sorteo\\\/#breadcrumb\",\"itemListElement\":[{\"@type\":\"ListItem\",\"position\":1,\"name\":\"Startseite\",\"item\":\"https:\\\/\\\/www.mycover-protection.com\\\/es\\\/\"},{\"@type\":\"ListItem\",\"position\":2,\"name\":\"Sorteo\"}]},{\"@type\":\"WebSite\",\"@id\":\"https:\\\/\\\/www.mycover-protection.com\\\/es\\\/#website\",\"url\":\"https:\\\/\\\/www.mycover-protection.com\\\/es\\\/\",\"name\":\"MYCOVER\u00ae Online Shop\",\"description\":\"Protection at its finest\",\"publisher\":{\"@id\":\"https:\\\/\\\/www.mycover-protection.com\\\/es\\\/#organization\"},\"potentialAction\":[{\"@type\":\"SearchAction\",\"target\":{\"@type\":\"EntryPoint\",\"urlTemplate\":\"https:\\\/\\\/www.mycover-protection.com\\\/es\\\/?s={search_term_string}\"},\"query-input\":{\"@type\":\"PropertyValueSpecification\",\"valueRequired\":true,\"valueName\":\"search_term_string\"}}],\"inLanguage\":\"es\"},{\"@type\":\"Organization\",\"@id\":\"https:\\\/\\\/www.mycover-protection.com\\\/es\\\/#organization\",\"name\":\"MYCOVER\u00ae - PROTECTION AT ITS FINEST\",\"url\":\"https:\\\/\\\/www.mycover-protection.com\\\/es\\\/\",\"logo\":{\"@type\":\"ImageObject\",\"inLanguage\":\"es\",\"@id\":\"https:\\\/\\\/www.mycover-protection.com\\\/es\\\/#\\\/schema\\\/logo\\\/image\\\/\",\"url\":\"https:\\\/\\\/www.mycover-protection.com\\\/wp-content\\\/uploads\\\/2020\\\/01\\\/PAYPAL_190x60_mycover-white.jpg\",\"contentUrl\":\"https:\\\/\\\/www.mycover-protection.com\\\/wp-content\\\/uploads\\\/2020\\\/01\\\/PAYPAL_190x60_mycover-white.jpg\",\"width\":190,\"height\":60,\"caption\":\"MYCOVER\u00ae - PROTECTION AT ITS FINEST\"},\"image\":{\"@id\":\"https:\\\/\\\/www.mycover-protection.com\\\/es\\\/#\\\/schema\\\/logo\\\/image\\\/\"},\"sameAs\":[\"https:\\\/\\\/www.facebook.com\\\/Mycover-114242613377158\\\/\"]}]}<\/script>\n<!-- \/ Yoast SEO plugin. -->","yoast_head_json":{"title":"Sorteo - MYCOVER\u00ae Online Shop","robots":{"index":"noindex","follow":"follow"},"og_locale":"es_ES","og_type":"article","og_title":"Sorteo - MYCOVER\u00ae Online Shop","og_description":"Sorteo Condiciones de participaci\u00f3n del sorteo de Instagram de MYCOVER \u2013 Pascua 2026 1. Organizador y objeto 1.1.La MYCOVER Protection GmbH, Dahlenburger Landstra\u00dfe 179A, 21337 L\u00fcneburg, Alemania (\u00abOrganizador\u00bb), organiza un sorteo a trav\u00e9s de la plataforma de redes sociales Instagram (\u00abSorteo\u00bb). 1.2.El sorteo se promociona y se lleva a cabo a trav\u00e9s de la cuenta [...]","og_url":"https:\/\/www.mycover-protection.com\/es\/sorteo\/","og_site_name":"MYCOVER\u00ae Online Shop","article_publisher":"https:\/\/www.facebook.com\/Mycover-114242613377158\/","article_modified_time":"2026-03-25T11:18:41+00:00","og_image":[{"width":600,"height":771,"url":"https:\/\/www.mycover-protection.com\/wp-content\/uploads\/2019\/12\/WF_IMG_7091.png","type":"image\/png"}],"twitter_card":"summary_large_image","twitter_misc":{"Tiempo de lectura":"7 minutos"},"schema":{"@context":"https:\/\/schema.org","@graph":[{"@type":"WebPage","@id":"https:\/\/www.mycover-protection.com\/es\/sorteo\/","url":"https:\/\/www.mycover-protection.com\/es\/sorteo\/","name":"Sorteo - MYCOVER\u00ae Online Shop","isPartOf":{"@id":"https:\/\/www.mycover-protection.com\/es\/#website"},"datePublished":"2025-12-12T18:23:50+00:00","dateModified":"2026-03-25T11:18:41+00:00","breadcrumb":{"@id":"https:\/\/www.mycover-protection.com\/es\/sorteo\/#breadcrumb"},"inLanguage":"es","potentialAction":[{"@type":"ReadAction","target":["https:\/\/www.mycover-protection.com\/es\/sorteo\/"]}]},{"@type":"BreadcrumbList","@id":"https:\/\/www.mycover-protection.com\/es\/sorteo\/#breadcrumb","itemListElement":[{"@type":"ListItem","position":1,"name":"Startseite","item":"https:\/\/www.mycover-protection.com\/es\/"},{"@type":"ListItem","position":2,"name":"Sorteo"}]},{"@type":"WebSite","@id":"https:\/\/www.mycover-protection.com\/es\/#website","url":"https:\/\/www.mycover-protection.com\/es\/","name":"MYCOVER\u00ae Online Shop","description":"Protection at its finest","publisher":{"@id":"https:\/\/www.mycover-protection.com\/es\/#organization"},"potentialAction":[{"@type":"SearchAction","target":{"@type":"EntryPoint","urlTemplate":"https:\/\/www.mycover-protection.com\/es\/?s={search_term_string}"},"query-input":{"@type":"PropertyValueSpecification","valueRequired":true,"valueName":"search_term_string"}}],"inLanguage":"es"},{"@type":"Organization","@id":"https:\/\/www.mycover-protection.com\/es\/#organization","name":"MYCOVER\u00ae - PROTECTION AT ITS FINEST","url":"https:\/\/www.mycover-protection.com\/es\/","logo":{"@type":"ImageObject","inLanguage":"es","@id":"https:\/\/www.mycover-protection.com\/es\/#\/schema\/logo\/image\/","url":"https:\/\/www.mycover-protection.com\/wp-content\/uploads\/2020\/01\/PAYPAL_190x60_mycover-white.jpg","contentUrl":"https:\/\/www.mycover-protection.com\/wp-content\/uploads\/2020\/01\/PAYPAL_190x60_mycover-white.jpg","width":190,"height":60,"caption":"MYCOVER\u00ae - PROTECTION AT ITS FINEST"},"image":{"@id":"https:\/\/www.mycover-protection.com\/es\/#\/schema\/logo\/image\/"},"sameAs":["https:\/\/www.facebook.com\/Mycover-114242613377158\/"]}]}},"_links":{"self":[{"href":"https:\/\/www.mycover-protection.com\/es\/wp-json\/wp\/v2\/pages\/63116","targetHints":{"allow":["GET"]}}],"collection":[{"href":"https:\/\/www.mycover-protection.com\/es\/wp-json\/wp\/v2\/pages"}],"about":[{"href":"https:\/\/www.mycover-protection.com\/es\/wp-json\/wp\/v2\/types\/page"}],"author":[{"embeddable":true,"href":"https:\/\/www.mycover-protection.com\/es\/wp-json\/wp\/v2\/users\/293"}],"replies":[{"embeddable":true,"href":"https:\/\/www.mycover-protection.com\/es\/wp-json\/wp\/v2\/comments?post=63116"}],"version-history":[{"count":3,"href":"https:\/\/www.mycover-protection.com\/es\/wp-json\/wp\/v2\/pages\/63116\/revisions"}],"predecessor-version":[{"id":66498,"href":"https:\/\/www.mycover-protection.com\/es\/wp-json\/wp\/v2\/pages\/63116\/revisions\/66498"}],"wp:attachment":[{"href":"https:\/\/www.mycover-protection.com\/es\/wp-json\/wp\/v2\/media?parent=63116"}],"curies":[{"name":"wp","href":"https:\/\/api.w.org\/{rel}","templated":true}]}}