{"id":18143,"date":"2022-05-25T09:03:04","date_gmt":"2022-05-25T08:03:04","guid":{"rendered":"https:\/\/www.mycover-protection.com\/informations-sur-lauthenticite-des-evaluations\/"},"modified":"2022-05-27T23:58:35","modified_gmt":"2022-05-27T22:58:35","slug":"informations-sur-lauthenticite-des-evaluations","status":"publish","type":"page","link":"https:\/\/www.mycover-protection.com\/fr\/informations-sur-lauthenticite-des-evaluations\/","title":{"rendered":"Informations sur l&rsquo;authenticit\u00e9 des \u00e9valuations"},"content":{"rendered":"\n<p>L&rsquo;authenticit\u00e9 de chaque avis de consommateurs est v\u00e9rifi\u00e9e avant sa publication, ce qui garantit que les avis proviennent uniquement de consommateurs qui ont r\u00e9ellement achet\u00e9\/utilis\u00e9 les produits \u00e9valu\u00e9s.<\/p>\n\n<p>La v\u00e9rification se fait par les moyens suivants :<\/p>\n\n<ul class=\"wp-block-list\"><li>V\u00e9rification manuelle sous forme de comparaison de l&rsquo;\u00e9valuation avec l&rsquo;historique des commandes du syst\u00e8me de gestion des marchandises, afin de faire de l&rsquo;achat pr\u00e9alable d&rsquo;un produit une condition n\u00e9cessaire \u00e0 la publication.<\/li><li>Transmettre aux consommateurs des liens individualis\u00e9s apr\u00e8s la finalisation d&rsquo;une commande en ligne, qui m\u00e8nent \u00e0 un formulaire d&rsquo;\u00e9valuation en ligne et garantissent que seuls les consommateurs qui ont effectivement achet\u00e9 un produit ont acc\u00e8s \u00e0 la fonction d&rsquo;\u00e9valuation.<\/li><\/ul>\n\n<p>Notre entreprise collecte des \u00e9valuations via le prestataire de services ind\u00e9pendant SHOPVOTE. SHOPVOTE utilise des mesures automatiques et manuelles pour v\u00e9rifier les \u00e9valuations.  <a href=\"https:\/\/www.shopvote.de\/verifizierung-von-bewertungen\" target=\"_blank\" rel=\"noopener\">Vous trouverez ici des informations sur l&rsquo;authenticit\u00e9 des \u00e9valuations des clients sur SHOPVOTE.<\/a><\/p>\n","protected":false},"excerpt":{"rendered":"<p>L&rsquo;authenticit\u00e9 de chaque avis de consommateurs est v\u00e9rifi\u00e9e avant sa publication, ce qui garantit que les avis proviennent uniquement de consommateurs qui ont r\u00e9ellement achet\u00e9\/utilis\u00e9 les produits \u00e9valu\u00e9s. La v\u00e9rification se fait par les moyens suivants : V\u00e9rification manuelle sous forme de comparaison de l&rsquo;\u00e9valuation avec l&rsquo;historique des commandes du syst\u00e8me de gestion des marchandises, [&#8230;]<\/p>\n","protected":false},"author":293,"featured_media":0,"parent":0,"menu_order":0,"comment_status":"closed","ping_status":"closed","template":"","meta":{"footnotes":""},"class_list":["post-18143","page","type-page","status-publish","hentry"],"yoast_head":"<!-- This site is optimized with the Yoast SEO plugin v27.4 - https:\/\/yoast.com\/product\/yoast-seo-wordpress\/ -->\n<title>Informations sur l&#039;authenticit\u00e9 des \u00e9valuations - MYCOVER\u00ae Online Shop<\/title>\n<meta name=\"robots\" content=\"noindex, nofollow\" \/>\n<meta property=\"og:locale\" content=\"fr_FR\" \/>\n<meta property=\"og:type\" content=\"article\" \/>\n<meta property=\"og:title\" content=\"Informations sur l&#039;authenticit\u00e9 des \u00e9valuations - MYCOVER\u00ae Online Shop\" \/>\n<meta property=\"og:description\" content=\"L&rsquo;authenticit\u00e9 de chaque avis de consommateurs est v\u00e9rifi\u00e9e avant sa publication, ce qui garantit que les avis proviennent uniquement de consommateurs qui ont r\u00e9ellement achet\u00e9\/utilis\u00e9 les produits \u00e9valu\u00e9s. La v\u00e9rification se fait par les moyens suivants : V\u00e9rification manuelle sous forme de comparaison de l&rsquo;\u00e9valuation avec l&rsquo;historique des commandes du syst\u00e8me de gestion des marchandises, [...]\" \/>\n<meta property=\"og:url\" content=\"https:\/\/www.mycover-protection.com\/fr\/informations-sur-lauthenticite-des-evaluations\/\" \/>\n<meta property=\"og:site_name\" content=\"MYCOVER\u00ae Online Shop\" \/>\n<meta property=\"article:publisher\" content=\"https:\/\/www.facebook.com\/Mycover-114242613377158\/\" \/>\n<meta property=\"article:modified_time\" content=\"2022-05-27T22:58:35+00:00\" \/>\n<meta property=\"og:image\" content=\"https:\/\/www.mycover-protection.com\/wp-content\/uploads\/2019\/12\/WF_IMG_7091.png\" \/>\n\t<meta property=\"og:image:width\" content=\"600\" \/>\n\t<meta property=\"og:image:height\" content=\"771\" \/>\n\t<meta property=\"og:image:type\" content=\"image\/png\" \/>\n<meta name=\"twitter:card\" content=\"summary_large_image\" \/>\n<meta name=\"twitter:label1\" content=\"Dur\u00e9e de lecture estim\u00e9e\" \/>\n\t<meta name=\"twitter:data1\" content=\"1 minute\" \/>\n<script type=\"application\/ld+json\" class=\"yoast-schema-graph\">{\"@context\":\"https:\\\/\\\/schema.org\",\"@graph\":[{\"@type\":\"WebPage\",\"@id\":\"https:\\\/\\\/www.mycover-protection.com\\\/fr\\\/informations-sur-lauthenticite-des-evaluations\\\/\",\"url\":\"https:\\\/\\\/www.mycover-protection.com\\\/fr\\\/informations-sur-lauthenticite-des-evaluations\\\/\",\"name\":\"Informations sur l'authenticit\u00e9 des \u00e9valuations - MYCOVER\u00ae Online Shop\",\"isPartOf\":{\"@id\":\"https:\\\/\\\/www.mycover-protection.com\\\/fr\\\/#website\"},\"datePublished\":\"2022-05-25T08:03:04+00:00\",\"dateModified\":\"2022-05-27T22:58:35+00:00\",\"breadcrumb\":{\"@id\":\"https:\\\/\\\/www.mycover-protection.com\\\/fr\\\/informations-sur-lauthenticite-des-evaluations\\\/#breadcrumb\"},\"inLanguage\":\"fr-FR\",\"potentialAction\":[{\"@type\":\"ReadAction\",\"target\":[\"https:\\\/\\\/www.mycover-protection.com\\\/fr\\\/informations-sur-lauthenticite-des-evaluations\\\/\"]}]},{\"@type\":\"BreadcrumbList\",\"@id\":\"https:\\\/\\\/www.mycover-protection.com\\\/fr\\\/informations-sur-lauthenticite-des-evaluations\\\/#breadcrumb\",\"itemListElement\":[{\"@type\":\"ListItem\",\"position\":1,\"name\":\"Startseite\",\"item\":\"https:\\\/\\\/www.mycover-protection.com\\\/fr\\\/\"},{\"@type\":\"ListItem\",\"position\":2,\"name\":\"Informations sur l&rsquo;authenticit\u00e9 des \u00e9valuations\"}]},{\"@type\":\"WebSite\",\"@id\":\"https:\\\/\\\/www.mycover-protection.com\\\/fr\\\/#website\",\"url\":\"https:\\\/\\\/www.mycover-protection.com\\\/fr\\\/\",\"name\":\"MYCOVER\u00ae Online Shop\",\"description\":\"Protection at its finest\",\"publisher\":{\"@id\":\"https:\\\/\\\/www.mycover-protection.com\\\/fr\\\/#organization\"},\"potentialAction\":[{\"@type\":\"SearchAction\",\"target\":{\"@type\":\"EntryPoint\",\"urlTemplate\":\"https:\\\/\\\/www.mycover-protection.com\\\/fr\\\/?s={search_term_string}\"},\"query-input\":{\"@type\":\"PropertyValueSpecification\",\"valueRequired\":true,\"valueName\":\"search_term_string\"}}],\"inLanguage\":\"fr-FR\"},{\"@type\":\"Organization\",\"@id\":\"https:\\\/\\\/www.mycover-protection.com\\\/fr\\\/#organization\",\"name\":\"MYCOVER\u00ae - PROTECTION AT ITS FINEST\",\"url\":\"https:\\\/\\\/www.mycover-protection.com\\\/fr\\\/\",\"logo\":{\"@type\":\"ImageObject\",\"inLanguage\":\"fr-FR\",\"@id\":\"https:\\\/\\\/www.mycover-protection.com\\\/fr\\\/#\\\/schema\\\/logo\\\/image\\\/\",\"url\":\"https:\\\/\\\/www.mycover-protection.com\\\/wp-content\\\/uploads\\\/2020\\\/01\\\/PAYPAL_190x60_mycover-white.jpg\",\"contentUrl\":\"https:\\\/\\\/www.mycover-protection.com\\\/wp-content\\\/uploads\\\/2020\\\/01\\\/PAYPAL_190x60_mycover-white.jpg\",\"width\":190,\"height\":60,\"caption\":\"MYCOVER\u00ae - PROTECTION AT ITS FINEST\"},\"image\":{\"@id\":\"https:\\\/\\\/www.mycover-protection.com\\\/fr\\\/#\\\/schema\\\/logo\\\/image\\\/\"},\"sameAs\":[\"https:\\\/\\\/www.facebook.com\\\/Mycover-114242613377158\\\/\"]}]}<\/script>\n<!-- \/ Yoast SEO plugin. -->","yoast_head_json":{"title":"Informations sur l'authenticit\u00e9 des \u00e9valuations - MYCOVER\u00ae Online Shop","robots":{"index":"noindex","follow":"nofollow"},"og_locale":"fr_FR","og_type":"article","og_title":"Informations sur l'authenticit\u00e9 des \u00e9valuations - MYCOVER\u00ae Online Shop","og_description":"L&rsquo;authenticit\u00e9 de chaque avis de consommateurs est v\u00e9rifi\u00e9e avant sa publication, ce qui garantit que les avis proviennent uniquement de consommateurs qui ont r\u00e9ellement achet\u00e9\/utilis\u00e9 les produits \u00e9valu\u00e9s. La v\u00e9rification se fait par les moyens suivants : V\u00e9rification manuelle sous forme de comparaison de l&rsquo;\u00e9valuation avec l&rsquo;historique des commandes du syst\u00e8me de gestion des marchandises, [...]","og_url":"https:\/\/www.mycover-protection.com\/fr\/informations-sur-lauthenticite-des-evaluations\/","og_site_name":"MYCOVER\u00ae Online Shop","article_publisher":"https:\/\/www.facebook.com\/Mycover-114242613377158\/","article_modified_time":"2022-05-27T22:58:35+00:00","og_image":[{"width":600,"height":771,"url":"https:\/\/www.mycover-protection.com\/wp-content\/uploads\/2019\/12\/WF_IMG_7091.png","type":"image\/png"}],"twitter_card":"summary_large_image","twitter_misc":{"Dur\u00e9e de lecture estim\u00e9e":"1 minute"},"schema":{"@context":"https:\/\/schema.org","@graph":[{"@type":"WebPage","@id":"https:\/\/www.mycover-protection.com\/fr\/informations-sur-lauthenticite-des-evaluations\/","url":"https:\/\/www.mycover-protection.com\/fr\/informations-sur-lauthenticite-des-evaluations\/","name":"Informations sur l'authenticit\u00e9 des \u00e9valuations - MYCOVER\u00ae Online Shop","isPartOf":{"@id":"https:\/\/www.mycover-protection.com\/fr\/#website"},"datePublished":"2022-05-25T08:03:04+00:00","dateModified":"2022-05-27T22:58:35+00:00","breadcrumb":{"@id":"https:\/\/www.mycover-protection.com\/fr\/informations-sur-lauthenticite-des-evaluations\/#breadcrumb"},"inLanguage":"fr-FR","potentialAction":[{"@type":"ReadAction","target":["https:\/\/www.mycover-protection.com\/fr\/informations-sur-lauthenticite-des-evaluations\/"]}]},{"@type":"BreadcrumbList","@id":"https:\/\/www.mycover-protection.com\/fr\/informations-sur-lauthenticite-des-evaluations\/#breadcrumb","itemListElement":[{"@type":"ListItem","position":1,"name":"Startseite","item":"https:\/\/www.mycover-protection.com\/fr\/"},{"@type":"ListItem","position":2,"name":"Informations sur l&rsquo;authenticit\u00e9 des \u00e9valuations"}]},{"@type":"WebSite","@id":"https:\/\/www.mycover-protection.com\/fr\/#website","url":"https:\/\/www.mycover-protection.com\/fr\/","name":"MYCOVER\u00ae Online Shop","description":"Protection at its finest","publisher":{"@id":"https:\/\/www.mycover-protection.com\/fr\/#organization"},"potentialAction":[{"@type":"SearchAction","target":{"@type":"EntryPoint","urlTemplate":"https:\/\/www.mycover-protection.com\/fr\/?s={search_term_string}"},"query-input":{"@type":"PropertyValueSpecification","valueRequired":true,"valueName":"search_term_string"}}],"inLanguage":"fr-FR"},{"@type":"Organization","@id":"https:\/\/www.mycover-protection.com\/fr\/#organization","name":"MYCOVER\u00ae - PROTECTION AT ITS FINEST","url":"https:\/\/www.mycover-protection.com\/fr\/","logo":{"@type":"ImageObject","inLanguage":"fr-FR","@id":"https:\/\/www.mycover-protection.com\/fr\/#\/schema\/logo\/image\/","url":"https:\/\/www.mycover-protection.com\/wp-content\/uploads\/2020\/01\/PAYPAL_190x60_mycover-white.jpg","contentUrl":"https:\/\/www.mycover-protection.com\/wp-content\/uploads\/2020\/01\/PAYPAL_190x60_mycover-white.jpg","width":190,"height":60,"caption":"MYCOVER\u00ae - PROTECTION AT ITS FINEST"},"image":{"@id":"https:\/\/www.mycover-protection.com\/fr\/#\/schema\/logo\/image\/"},"sameAs":["https:\/\/www.facebook.com\/Mycover-114242613377158\/"]}]}},"_links":{"self":[{"href":"https:\/\/www.mycover-protection.com\/fr\/wp-json\/wp\/v2\/pages\/18143","targetHints":{"allow":["GET"]}}],"collection":[{"href":"https:\/\/www.mycover-protection.com\/fr\/wp-json\/wp\/v2\/pages"}],"about":[{"href":"https:\/\/www.mycover-protection.com\/fr\/wp-json\/wp\/v2\/types\/page"}],"author":[{"embeddable":true,"href":"https:\/\/www.mycover-protection.com\/fr\/wp-json\/wp\/v2\/users\/293"}],"replies":[{"embeddable":true,"href":"https:\/\/www.mycover-protection.com\/fr\/wp-json\/wp\/v2\/comments?post=18143"}],"version-history":[{"count":7,"href":"https:\/\/www.mycover-protection.com\/fr\/wp-json\/wp\/v2\/pages\/18143\/revisions"}],"predecessor-version":[{"id":18244,"href":"https:\/\/www.mycover-protection.com\/fr\/wp-json\/wp\/v2\/pages\/18143\/revisions\/18244"}],"wp:attachment":[{"href":"https:\/\/www.mycover-protection.com\/fr\/wp-json\/wp\/v2\/media?parent=18143"}],"curies":[{"name":"wp","href":"https:\/\/api.w.org\/{rel}","templated":true}]}}