{"id":63120,"date":"2025-12-12T19:23:52","date_gmt":"2025-12-12T18:23:52","guid":{"rendered":"https:\/\/www.mycover-protection.com\/jeu-concours\/"},"modified":"2026-03-25T12:18:38","modified_gmt":"2026-03-25T11:18:38","slug":"jeu-concours","status":"publish","type":"page","link":"https:\/\/www.mycover-protection.com\/fr\/jeu-concours\/","title":{"rendered":"Jeu-concours"},"content":{"rendered":"\n<div class=\"wp-block-group alignfull wf-margin-bottom-0 has-white-color has-black-background-color has-text-color has-background\"><div class=\"wp-block-group__inner-container is-layout-flow wp-block-group-is-layout-flow\">\n<div style=\"height:100px\" aria-hidden=\"true\" class=\"wp-block-spacer wf-spacer-section\"><\/div>\n\n\n\n<p class=\"has-text-align-center wf-fake-h3 has-text-color\" style=\"color:#f4f4f4\">Jeu-concours<\/p>\n\n\n\n<h1 class=\"wp-block-heading has-text-align-center is-style-not-underlined wf-fake-h2\"><span class=\"has-inline-color has-white-color\">Conditions de participation au jeu-concours Instagram MYCOVER \u2013 P\u00e2ques 2026<\/span><\/h1>\n\n\n\n<div style=\"height:100px\" aria-hidden=\"true\" class=\"wp-block-spacer wf-spacer-section\"><\/div>\n<\/div><\/div>\n\n<div style=\"height:100px\" aria-hidden=\"true\" class=\"wp-block-spacer wf-spacer-section\"><\/div>\n\n<h2 class=\"wp-block-heading is-style-not-underlined\"><strong>1. Organisateur et objet<\/strong><\/h2>\n\n<p>1.1.<br\/>La soci\u00e9t\u00e9 <strong>MYCOVER Protection GmbH<\/strong>, Dahlenburger Landstra\u00dfe 179A, 21337 L\u00fcneburg, Allemagne (l\u2019\u00ab Organisateur \u00bb), organise un jeu-concours via la plateforme de m\u00e9dia social <strong>Instagram<\/strong> (le \u00ab Jeu-concours \u00bb).<\/p>\n\n<p>1.2.<br\/>Le jeu-concours est promu et r\u00e9alis\u00e9 via le compte Instagram <strong>@mycover_protection<\/strong>.<\/p>\n\n<p>1.3.<br\/>Le jeu-concours n\u2019est <strong>aucunement li\u00e9 \u00e0 Meta Platforms, Inc.<\/strong> (Instagram) et n\u2019est en aucun cas sponsoris\u00e9, soutenu ou organis\u00e9 par Meta. L\u2019interlocuteur et responsable est exclusivement l\u2019Organisateur. <\/p>\n\n<p>1.4.<br\/>En participant au jeu-concours, le participant d\u00e9clare accepter les pr\u00e9sentes conditions de participation.<\/p>\n\n<hr class=\"wp-block-separator has-alpha-channel-opacity\"\/>\n\n<h2 class=\"wp-block-heading is-style-not-underlined\"><strong>2. P\u00e9riode de participation<\/strong><\/h2>\n\n<p>2.1.<br\/>La p\u00e9riode de participation commence d\u00e8s la publication de la contribution au jeu-concours sur Instagram et se termine le <strong>06\/04\/2026 \u00e0 23h59 (HAEC)<\/strong>.<\/p>\n\n<p>2.2.<br\/>L\u2019Organisateur se r\u00e9serve le droit de mettre fin pr\u00e9matur\u00e9ment \u00e0 la p\u00e9riode de participation ou de la prolonger de mani\u00e8re appropri\u00e9e pour un motif important (par ex. d\u00e9faillances techniques, raisons juridiques).<\/p>\n\n<hr class=\"wp-block-separator has-alpha-channel-opacity\"\/>\n\n<h2 class=\"wp-block-heading is-style-not-underlined\"><strong>3. Droit de participation<\/strong><\/h2>\n\n<p>3.1.<br\/>Sont \u00e9ligibles \u00e0 la participation les <strong>personnes physiques ayant r\u00e9volu leur 18\u00e8me ann\u00e9e<\/strong> et r\u00e9sidant dans un \u00c9tat membre de l\u2019<strong>Union europ\u00e9enne, de l\u2019Espace \u00e9conomique europ\u00e9en (EEE) ou en Suisse<\/strong>.<\/p>\n\n<p>3.2.<br\/>Sont exclus de la participation les employ\u00e9s de l\u2019Organisateur, les membres de leur famille ainsi que les personnes impliqu\u00e9es dans la conception et la r\u00e9alisation du jeu-concours.<\/p>\n\n<p>3.3.<br\/>La participation n\u2019est autoris\u00e9e <strong>qu\u2019une seule fois par personne<\/strong> (ind\u00e9pendamment du nombre de comptes Instagram utilis\u00e9s). En cas de participations multiples ou d\u2019utilisation de plusieurs comptes, l\u2019Organisateur se r\u00e9serve le droit d\u2019exclure le participant. <\/p>\n\n<p>3.4.<br\/>La participation via des services automatis\u00e9s (bots, services de jeux-concours ou autres) n\u2019est pas autoris\u00e9e et entra\u00eene l\u2019exclusion.<\/p>\n\n<hr class=\"wp-block-separator has-alpha-channel-opacity\"\/>\n\n<h2 class=\"wp-block-heading is-style-not-underlined\"><strong>4. Participation au jeu-concours<\/strong><\/h2>\n\n<p>4.1.<br\/>La participation s\u2019effectue exclusivement pendant la p\u00e9riode de participation en remplissant toutes les \u00e9tapes suivantes :<\/p>\n\n<ul class=\"wp-block-list\">\n<li>Suivant le compte Instagram <strong>@mycover_protection<\/strong><\/li>\n\n\n\n<li>Aimant la publication du jeu-concours<\/li>\n\n\n\n<li>Commenter la publication en <strong>identifiant (tag) une autre personne<\/strong><\/li>\n<\/ul>\n\n<p>4.2.<br\/>La participation est gratuite et n\u2019est li\u00e9e \u00e0 aucun achat ni \u00e0 aucune autre prestation on\u00e9reuse.<\/p>\n\n<p>4.3.<br\/>L\u2019Organisateur se r\u00e9serve le droit de supprimer les commentaires qui contreviennent au droit en vigueur, aux bonnes m\u0153urs ou aux conditions d\u2019utilisation d\u2019Instagram, et d\u2019en exclure le participant.<\/p>\n\n<hr class=\"wp-block-separator has-alpha-channel-opacity\"\/>\n\n<h2 class=\"wp-block-heading is-style-not-underlined\"><strong>5. Gains<\/strong><\/h2>\n\n<p>5.1.<br\/>Les gains suivants seront attribu\u00e9s\u00a0:<\/p>\n\n<ul class=\"wp-block-list\">\n<li><strong>1er lot :<\/strong>\n<ul class=\"wp-block-list\">\n<li>1\u00d7 housse moto MYCOVER (taille au choix)<\/li>\n\n\n\n<li>1\u00d7 ABUS GRANIT Detecto SmartX 8078 2.0<\/li>\n\n\n\n<li>1\u00d7 Nikwax Leather Cleaner<\/li>\n\n\n\n<li>1\u00d7 Side Stand Pad (support de b\u00e9quille lat\u00e9rale)<\/li>\n<\/ul>\n<\/li>\n\n\n\n<li><strong>2\u00e8me lot :<\/strong>\n<ul class=\"wp-block-list\">\n<li>1\u00d7 housse moto MYCOVER (taille au choix)<\/li>\n\n\n\n<li>1\u00d7 Nikwax Leather Cleaner<\/li>\n\n\n\n<li>1\u00d7 Side Stand Pad (support de b\u00e9quille lat\u00e9rale)<\/li>\n<\/ul>\n<\/li>\n\n\n\n<li><strong>3\u00e8me lot :<\/strong>\n<ul class=\"wp-block-list\">\n<li>1\u00d7 housse moto MYCOVER (taille au choix)<\/li>\n\n\n\n<li>1\u00d7 Side Stand Pad (support de b\u00e9quille lat\u00e9rale)<\/li>\n<\/ul>\n<\/li>\n<\/ul>\n\n<p>5.2.<br\/>Un paiement en esp\u00e8ces, un \u00e9change ou un transfert du lot \u00e0 des tiers n\u2019est pas possible.<\/p>\n\n<p>5.3.<br\/>L\u2019Organisateur se r\u00e9serve le droit de fournir un lot de remplacement de valeur \u00e9quivalente en cas d\u2019indisponibilit\u00e9 d\u2019un lot.<\/p>\n\n<p>5.4.<br\/>Les \u00e9ventuelles obligations fiscales li\u00e9es au gain incombent au gagnant respectif.<\/p>\n\n<hr class=\"wp-block-separator has-alpha-channel-opacity\"\/>\n\n<h2 class=\"wp-block-heading is-style-not-underlined\"><strong>6. D\u00e9termination des gagnants<\/strong><\/h2>\n\n<p>6.1.<br\/>La d\u00e9signation des gagnants s\u2019effectue apr\u00e8s l\u2019expiration de la p\u00e9riode de participation par <strong>tirage au sort<\/strong> parmi toutes les personnes ayant particip\u00e9 valablement.<\/p>\n\n<p>6.2.<br\/>Le tirage au sort a lieu \u00e0 huis clos.<\/p>\n\n<hr class=\"wp-block-separator has-alpha-channel-opacity\"\/>\n\n<h2 class=\"wp-block-heading is-style-not-underlined\"><strong>7. Notification des gagnants et remise des lots<\/strong><\/h2>\n\n<p>7.1.<br\/>Les gagnants seront inform\u00e9s par <strong>message direct Instagram<\/strong> dans les 5 jours ouvrables suivant le tirage au sort.<\/p>\n\n<p>7.2.<br\/>Le gagnant doit confirmer son lot dans un d\u00e9lai de <strong>14 jours<\/strong> apr\u00e8s la notification en r\u00e9pondant (y compris en fournissant les donn\u00e9es n\u00e9cessaires \u00e0 l\u2019exp\u00e9dition).<\/p>\n\n<p>7.3.<br\/>Si aucune r\u00e9ponse ou une r\u00e9ponse incompl\u00e8te n\u2019est re\u00e7ue dans le d\u00e9lai imparti, le droit au lot expire sans remplacement. L\u2019Organisateur est en droit de d\u00e9signer un gagnant de remplacement. <\/p>\n\n<hr class=\"wp-block-separator has-alpha-channel-opacity\"\/>\n\n<h2 class=\"wp-block-heading is-style-not-underlined\"><strong>8. Envoi des gains<\/strong><\/h2>\n\n<p>8.1.<br\/>L\u2019exp\u00e9dition des lots s\u2019effectue <strong>gratuitement<\/strong> \u00e0 l\u2019adresse communiqu\u00e9e par le gagnant.<\/p>\n\n<p>8.2.<br\/>L\u2019exp\u00e9dition est limit\u00e9e aux adresses de livraison situ\u00e9es au sein de l\u2019<strong>Union europ\u00e9enne, de l\u2019Espace \u00e9conomique europ\u00e9en (EEE) et de la Suisse<\/strong>.<\/p>\n\n<p>8.3.<br\/>L\u2019Organisateur n\u2019est pas responsable des retards de livraison ou des pertes lors de l\u2019exp\u00e9dition, \u00e0 moins que ceux-ci ne r\u00e9sultent d\u2019une intention d\u00e9lib\u00e9r\u00e9e ou d\u2019une n\u00e9gligence grave de l\u2019Organisateur.<\/p>\n\n<hr class=\"wp-block-separator has-alpha-channel-opacity\"\/>\n\n<h2 class=\"wp-block-heading is-style-not-underlined\"><strong>9. Exclusion du jeu-concours<\/strong><\/h2>\n\n<p>9.1.<br\/>L\u2019Organisateur se r\u00e9serve le droit d\u2019exclure des participants du jeu-concours en pr\u00e9sence d\u2019un motif important, notamment en cas de :<\/p>\n\n<ul class=\"wp-block-list\">\n<li>Violations des pr\u00e9sentes conditions de participation<\/li>\n\n\n\n<li>Tentatives de manipulation ou utilisation de moyens auxiliaires non autoris\u00e9s<\/li>\n\n\n\n<li>Informations fausses ou incompl\u00e8tes<\/li>\n\n\n\n<li>Violations du droit en vigueur ou des droits de tiers<\/li>\n<\/ul>\n\n<p>9.2.<br\/>En cas d\u2019exclusion ult\u00e9rieure, un lot d\u00e9j\u00e0 livr\u00e9 peut \u00eatre r\u00e9clam\u00e9.<\/p>\n\n<hr class=\"wp-block-separator has-alpha-channel-opacity\"\/>\n\n<h2 class=\"wp-block-heading is-style-not-underlined\"><strong>10. Fin pr\u00e9matur\u00e9e ou modifications<\/strong><\/h2>\n\n<p>10.1.<br\/>L\u2019Organisateur se r\u00e9serve le droit de modifier, de suspendre ou de mettre fin pr\u00e9matur\u00e9ment au jeu-concours \u00e0 tout moment pour un motif important (par ex. d\u00e9faillances techniques, raisons juridiques, force majeure), sans que cela n\u2019ouvre de droits aux participants vis-\u00e0-vis de l\u2019Organisateur.<\/p>\n\n<hr class=\"wp-block-separator has-alpha-channel-opacity\"\/>\n\n<h2 class=\"wp-block-heading is-style-not-underlined\"><strong>11. Responsabilit\u00e9<\/strong><\/h2>\n\n<p>11.1.<br\/>L\u2019Organisateur est responsable sans limitation en cas de pr\u00e9m\u00e9ditation et de n\u00e9gligence grave, ainsi que pour les dommages r\u00e9sultant d\u2019une atteinte \u00e0 la vie, \u00e0 l\u2019int\u00e9grit\u00e9 physique ou \u00e0 la sant\u00e9.<\/p>\n\n<p>11.2.<br\/>Pour le reste, la responsabilit\u00e9 de l\u2019Organisateur est exclue dans la mesure o\u00f9 la loi le permet. Cela s\u2019applique en particulier aux d\u00e9faillances techniques, aux interruptions de la plateforme ou aux pertes de donn\u00e9es. <\/p>\n\n<p>11.3.<br\/>Les limitations de responsabilit\u00e9 susmentionn\u00e9es ne s\u2019appliquent pas dans la mesure o\u00f9 des dispositions l\u00e9gales imp\u00e9ratives (notamment les r\u00e9glementations relatives \u00e0 la protection des consommateurs du pays de r\u00e9sidence du participant) s\u2019y opposent.<\/p>\n\n<hr class=\"wp-block-separator has-alpha-channel-opacity\"\/>\n\n<h2 class=\"wp-block-heading is-style-not-underlined\"><strong>12. Protection des donn\u00e9es<\/strong><\/h2>\n\n<p>12.1.<br\/>Le responsable du traitement des donn\u00e9es \u00e0 caract\u00e8re personnel dans le cadre du jeu-concours est l\u2019Organisateur (voir les coordonn\u00e9es au point 1.1).<\/p>\n\n<p>12.2.<br\/>Les donn\u00e9es \u00e0 caract\u00e8re personnel collect\u00e9es dans le cadre du jeu-concours (notamment le nom d\u2019utilisateur Instagram, le cas \u00e9ch\u00e9ant le nom et l\u2019adresse de livraison du gagnant) sont trait\u00e9es exclusivement aux fins de la r\u00e9alisation et du d\u00e9roulement du jeu-concours. La base juridique est l\u2019art. 6, al.  1 lit. b du RGPD (ex\u00e9cution du contrat\/mesures pr\u00e9contractuelles) ainsi que l\u2019art. 6, al. 1 lit. f du RGPD (int\u00e9r\u00eat l\u00e9gitime au bon d\u00e9roulement du jeu-concours).<\/p>\n\n<p>12.3.<br\/>Les donn\u00e9es seront supprim\u00e9es apr\u00e8s le d\u00e9roulement complet du jeu-concours et l\u2019expiration des \u00e9ventuels d\u00e9lais de conservation l\u00e9gaux.<\/p>\n\n<p>12.4.<br\/>Une transmission des donn\u00e9es \u00e0 des tiers n\u2019a lieu que dans la mesure o\u00f9 cela est n\u00e9cessaire \u00e0 la r\u00e9alisation du jeu-concours (par ex. aux prestataires de services d\u2019exp\u00e9dition pour la livraison du lot).<\/p>\n\n<p>12.5.<br\/>Le participant dispose des droits d\u2019acc\u00e8s (art. 15 RGPD), de rectification (art. 16 RGPD), d\u2019effacement (art. 17 RGPD), de limitation du traitement (art. 18 RGPD), de portabilit\u00e9 des donn\u00e9es (art. 20 RGPD) ainsi que d\u2019opposition (art. 21 RGPD). En outre, il existe un droit de recours aupr\u00e8s d\u2019une autorit\u00e9 de contr\u00f4le comp\u00e9tente. <\/p>\n\n<p>12.6.<br\/>De plus amples informations sur la protection des donn\u00e9es sont disponibles \u00e0 l\u2019adresse : <a href=\"https:\/\/www.mycover-protection.com\/fr\/declaration-de-confidentialite\/\">https:\/\/www.mycover-protection.com\/fr\/declaration-de-confidentialite\/<\/a><\/p>\n\n<hr class=\"wp-block-separator has-alpha-channel-opacity\"\/>\n\n<h2 class=\"wp-block-heading is-style-not-underlined\"><strong>13. Dispositions finales<\/strong><\/h2>\n\n<p>13.1.<br\/>Le droit de la R\u00e9publique f\u00e9d\u00e9rale d\u2019Allemagne s\u2019applique, \u00e0 l\u2019exclusion de la Convention des Nations Unies sur les contrats de vente internationale de marchandises (CVIM). Les dispositions imp\u00e9ratives relatives \u00e0 la protection des consommateurs de l\u2019\u00c9tat dans lequel le participant a sa r\u00e9sidence habituelle ne sont pas affect\u00e9es. <\/p>\n\n<p>13.2.<br\/>Si certaines dispositions des pr\u00e9sentes conditions de participation \u00e9taient ou devenaient totalement ou partiellement nulles, la validit\u00e9 des autres dispositions n\u2019en serait pas affect\u00e9e.<\/p>\n\n<p>13.3.<br\/>Tout recours juridique est exclu.<\/p>\n\n<p>13.4.<br\/>La Commission europ\u00e9enne met \u00e0 disposition une plateforme de r\u00e8glement en ligne des litiges (RLL) \u00e0 l\u2019adresse <a href=\"https:\/\/ec.europa.eu\/consumers\/odr\/\">https:\/\/ec.europa.eu\/consumers\/odr\/<\/a>. L\u2019Organisateur n\u2019est ni oblig\u00e9 ni dispos\u00e9 \u00e0 participer \u00e0 une proc\u00e9dure de r\u00e8glement des litiges devant un conseil de conciliation des consommateurs. <\/p>\n\n<p style=\"font-style:italic;font-weight:400\">\u00c9tat : mars 2026<\/p>\n","protected":false},"excerpt":{"rendered":"<p>Jeu-concours Conditions de participation au jeu-concours Instagram MYCOVER \u2013 P\u00e2ques 2026 1. Organisateur et objet 1.1.La soci\u00e9t\u00e9 MYCOVER Protection GmbH, Dahlenburger Landstra\u00dfe 179A, 21337 L\u00fcneburg, Allemagne (l\u2019\u00ab Organisateur \u00bb), organise un jeu-concours via la plateforme de m\u00e9dia social Instagram (le \u00ab Jeu-concours \u00bb). 1.2.Le jeu-concours est promu et r\u00e9alis\u00e9 via le compte Instagram @mycover_protection. 1.3.Le [&#8230;]<\/p>\n","protected":false},"author":293,"featured_media":0,"parent":0,"menu_order":0,"comment_status":"closed","ping_status":"closed","template":"page-blank.php","meta":{"footnotes":""},"class_list":["post-63120","page","type-page","status-publish","hentry"],"yoast_head":"<!-- This site is optimized with the Yoast SEO plugin v27.5 - https:\/\/yoast.com\/product\/yoast-seo-wordpress\/ -->\n<title>Jeu-concours - MYCOVER\u00ae Online Shop<\/title>\n<meta name=\"robots\" content=\"noindex, follow\" \/>\n<meta property=\"og:locale\" content=\"fr_FR\" \/>\n<meta property=\"og:type\" content=\"article\" \/>\n<meta property=\"og:title\" content=\"Jeu-concours - MYCOVER\u00ae Online Shop\" \/>\n<meta property=\"og:description\" content=\"Jeu-concours Conditions de participation au jeu-concours Instagram MYCOVER \u2013 P\u00e2ques 2026 1. Organisateur et objet 1.1.La soci\u00e9t\u00e9 MYCOVER Protection GmbH, Dahlenburger Landstra\u00dfe 179A, 21337 L\u00fcneburg, Allemagne (l\u2019\u00ab Organisateur \u00bb), organise un jeu-concours via la plateforme de m\u00e9dia social Instagram (le \u00ab Jeu-concours \u00bb). 1.2.Le jeu-concours est promu et r\u00e9alis\u00e9 via le compte Instagram @mycover_protection. 1.3.Le [...]\" \/>\n<meta property=\"og:url\" content=\"https:\/\/www.mycover-protection.com\/fr\/jeu-concours\/\" \/>\n<meta property=\"og:site_name\" content=\"MYCOVER\u00ae Online Shop\" \/>\n<meta property=\"article:publisher\" content=\"https:\/\/www.facebook.com\/Mycover-114242613377158\/\" \/>\n<meta property=\"article:modified_time\" content=\"2026-03-25T11:18:38+00:00\" \/>\n<meta property=\"og:image\" content=\"https:\/\/www.mycover-protection.com\/wp-content\/uploads\/2019\/12\/WF_IMG_7091.png\" \/>\n\t<meta property=\"og:image:width\" content=\"600\" \/>\n\t<meta property=\"og:image:height\" content=\"771\" \/>\n\t<meta property=\"og:image:type\" content=\"image\/png\" \/>\n<meta name=\"twitter:card\" content=\"summary_large_image\" \/>\n<meta name=\"twitter:label1\" content=\"Dur\u00e9e de lecture estim\u00e9e\" \/>\n\t<meta name=\"twitter:data1\" content=\"7 minutes\" \/>\n<script type=\"application\/ld+json\" class=\"yoast-schema-graph\">{\"@context\":\"https:\\\/\\\/schema.org\",\"@graph\":[{\"@type\":\"WebPage\",\"@id\":\"https:\\\/\\\/www.mycover-protection.com\\\/fr\\\/jeu-concours\\\/\",\"url\":\"https:\\\/\\\/www.mycover-protection.com\\\/fr\\\/jeu-concours\\\/\",\"name\":\"Jeu-concours - MYCOVER\u00ae Online Shop\",\"isPartOf\":{\"@id\":\"https:\\\/\\\/www.mycover-protection.com\\\/fr\\\/#website\"},\"datePublished\":\"2025-12-12T18:23:52+00:00\",\"dateModified\":\"2026-03-25T11:18:38+00:00\",\"breadcrumb\":{\"@id\":\"https:\\\/\\\/www.mycover-protection.com\\\/fr\\\/jeu-concours\\\/#breadcrumb\"},\"inLanguage\":\"fr-FR\",\"potentialAction\":[{\"@type\":\"ReadAction\",\"target\":[\"https:\\\/\\\/www.mycover-protection.com\\\/fr\\\/jeu-concours\\\/\"]}]},{\"@type\":\"BreadcrumbList\",\"@id\":\"https:\\\/\\\/www.mycover-protection.com\\\/fr\\\/jeu-concours\\\/#breadcrumb\",\"itemListElement\":[{\"@type\":\"ListItem\",\"position\":1,\"name\":\"Startseite\",\"item\":\"https:\\\/\\\/www.mycover-protection.com\\\/fr\\\/\"},{\"@type\":\"ListItem\",\"position\":2,\"name\":\"Jeu-concours\"}]},{\"@type\":\"WebSite\",\"@id\":\"https:\\\/\\\/www.mycover-protection.com\\\/fr\\\/#website\",\"url\":\"https:\\\/\\\/www.mycover-protection.com\\\/fr\\\/\",\"name\":\"MYCOVER\u00ae Online Shop\",\"description\":\"Protection at its finest\",\"publisher\":{\"@id\":\"https:\\\/\\\/www.mycover-protection.com\\\/fr\\\/#organization\"},\"potentialAction\":[{\"@type\":\"SearchAction\",\"target\":{\"@type\":\"EntryPoint\",\"urlTemplate\":\"https:\\\/\\\/www.mycover-protection.com\\\/fr\\\/?s={search_term_string}\"},\"query-input\":{\"@type\":\"PropertyValueSpecification\",\"valueRequired\":true,\"valueName\":\"search_term_string\"}}],\"inLanguage\":\"fr-FR\"},{\"@type\":\"Organization\",\"@id\":\"https:\\\/\\\/www.mycover-protection.com\\\/fr\\\/#organization\",\"name\":\"MYCOVER\u00ae - PROTECTION AT ITS FINEST\",\"url\":\"https:\\\/\\\/www.mycover-protection.com\\\/fr\\\/\",\"logo\":{\"@type\":\"ImageObject\",\"inLanguage\":\"fr-FR\",\"@id\":\"https:\\\/\\\/www.mycover-protection.com\\\/fr\\\/#\\\/schema\\\/logo\\\/image\\\/\",\"url\":\"https:\\\/\\\/www.mycover-protection.com\\\/wp-content\\\/uploads\\\/2020\\\/01\\\/PAYPAL_190x60_mycover-white.jpg\",\"contentUrl\":\"https:\\\/\\\/www.mycover-protection.com\\\/wp-content\\\/uploads\\\/2020\\\/01\\\/PAYPAL_190x60_mycover-white.jpg\",\"width\":190,\"height\":60,\"caption\":\"MYCOVER\u00ae - PROTECTION AT ITS FINEST\"},\"image\":{\"@id\":\"https:\\\/\\\/www.mycover-protection.com\\\/fr\\\/#\\\/schema\\\/logo\\\/image\\\/\"},\"sameAs\":[\"https:\\\/\\\/www.facebook.com\\\/Mycover-114242613377158\\\/\"]}]}<\/script>\n<!-- \/ Yoast SEO plugin. -->","yoast_head_json":{"title":"Jeu-concours - MYCOVER\u00ae Online Shop","robots":{"index":"noindex","follow":"follow"},"og_locale":"fr_FR","og_type":"article","og_title":"Jeu-concours - MYCOVER\u00ae Online Shop","og_description":"Jeu-concours Conditions de participation au jeu-concours Instagram MYCOVER \u2013 P\u00e2ques 2026 1. Organisateur et objet 1.1.La soci\u00e9t\u00e9 MYCOVER Protection GmbH, Dahlenburger Landstra\u00dfe 179A, 21337 L\u00fcneburg, Allemagne (l\u2019\u00ab Organisateur \u00bb), organise un jeu-concours via la plateforme de m\u00e9dia social Instagram (le \u00ab Jeu-concours \u00bb). 1.2.Le jeu-concours est promu et r\u00e9alis\u00e9 via le compte Instagram @mycover_protection. 1.3.Le [...]","og_url":"https:\/\/www.mycover-protection.com\/fr\/jeu-concours\/","og_site_name":"MYCOVER\u00ae Online Shop","article_publisher":"https:\/\/www.facebook.com\/Mycover-114242613377158\/","article_modified_time":"2026-03-25T11:18:38+00:00","og_image":[{"width":600,"height":771,"url":"https:\/\/www.mycover-protection.com\/wp-content\/uploads\/2019\/12\/WF_IMG_7091.png","type":"image\/png"}],"twitter_card":"summary_large_image","twitter_misc":{"Dur\u00e9e de lecture estim\u00e9e":"7 minutes"},"schema":{"@context":"https:\/\/schema.org","@graph":[{"@type":"WebPage","@id":"https:\/\/www.mycover-protection.com\/fr\/jeu-concours\/","url":"https:\/\/www.mycover-protection.com\/fr\/jeu-concours\/","name":"Jeu-concours - MYCOVER\u00ae Online Shop","isPartOf":{"@id":"https:\/\/www.mycover-protection.com\/fr\/#website"},"datePublished":"2025-12-12T18:23:52+00:00","dateModified":"2026-03-25T11:18:38+00:00","breadcrumb":{"@id":"https:\/\/www.mycover-protection.com\/fr\/jeu-concours\/#breadcrumb"},"inLanguage":"fr-FR","potentialAction":[{"@type":"ReadAction","target":["https:\/\/www.mycover-protection.com\/fr\/jeu-concours\/"]}]},{"@type":"BreadcrumbList","@id":"https:\/\/www.mycover-protection.com\/fr\/jeu-concours\/#breadcrumb","itemListElement":[{"@type":"ListItem","position":1,"name":"Startseite","item":"https:\/\/www.mycover-protection.com\/fr\/"},{"@type":"ListItem","position":2,"name":"Jeu-concours"}]},{"@type":"WebSite","@id":"https:\/\/www.mycover-protection.com\/fr\/#website","url":"https:\/\/www.mycover-protection.com\/fr\/","name":"MYCOVER\u00ae Online Shop","description":"Protection at its finest","publisher":{"@id":"https:\/\/www.mycover-protection.com\/fr\/#organization"},"potentialAction":[{"@type":"SearchAction","target":{"@type":"EntryPoint","urlTemplate":"https:\/\/www.mycover-protection.com\/fr\/?s={search_term_string}"},"query-input":{"@type":"PropertyValueSpecification","valueRequired":true,"valueName":"search_term_string"}}],"inLanguage":"fr-FR"},{"@type":"Organization","@id":"https:\/\/www.mycover-protection.com\/fr\/#organization","name":"MYCOVER\u00ae - PROTECTION AT ITS FINEST","url":"https:\/\/www.mycover-protection.com\/fr\/","logo":{"@type":"ImageObject","inLanguage":"fr-FR","@id":"https:\/\/www.mycover-protection.com\/fr\/#\/schema\/logo\/image\/","url":"https:\/\/www.mycover-protection.com\/wp-content\/uploads\/2020\/01\/PAYPAL_190x60_mycover-white.jpg","contentUrl":"https:\/\/www.mycover-protection.com\/wp-content\/uploads\/2020\/01\/PAYPAL_190x60_mycover-white.jpg","width":190,"height":60,"caption":"MYCOVER\u00ae - PROTECTION AT ITS FINEST"},"image":{"@id":"https:\/\/www.mycover-protection.com\/fr\/#\/schema\/logo\/image\/"},"sameAs":["https:\/\/www.facebook.com\/Mycover-114242613377158\/"]}]}},"_links":{"self":[{"href":"https:\/\/www.mycover-protection.com\/fr\/wp-json\/wp\/v2\/pages\/63120","targetHints":{"allow":["GET"]}}],"collection":[{"href":"https:\/\/www.mycover-protection.com\/fr\/wp-json\/wp\/v2\/pages"}],"about":[{"href":"https:\/\/www.mycover-protection.com\/fr\/wp-json\/wp\/v2\/types\/page"}],"author":[{"embeddable":true,"href":"https:\/\/www.mycover-protection.com\/fr\/wp-json\/wp\/v2\/users\/293"}],"replies":[{"embeddable":true,"href":"https:\/\/www.mycover-protection.com\/fr\/wp-json\/wp\/v2\/comments?post=63120"}],"version-history":[{"count":5,"href":"https:\/\/www.mycover-protection.com\/fr\/wp-json\/wp\/v2\/pages\/63120\/revisions"}],"predecessor-version":[{"id":66496,"href":"https:\/\/www.mycover-protection.com\/fr\/wp-json\/wp\/v2\/pages\/63120\/revisions\/66496"}],"wp:attachment":[{"href":"https:\/\/www.mycover-protection.com\/fr\/wp-json\/wp\/v2\/media?parent=63120"}],"curies":[{"name":"wp","href":"https:\/\/api.w.org\/{rel}","templated":true}]}}