{"id":43002,"date":"2025-04-02T12:50:31","date_gmt":"2025-04-02T11:50:31","guid":{"rendered":"https:\/\/www.mycover-protection.com\/metodi-di-pagamento\/"},"modified":"2026-02-04T11:07:01","modified_gmt":"2026-02-04T10:07:01","slug":"metodi-di-pagamento","status":"publish","type":"page","link":"https:\/\/www.mycover-protection.com\/it\/metodi-di-pagamento\/","title":{"rendered":"Metodi di pagamento"},"content":{"rendered":"\n<p>Ti offriamo le seguenti modalit\u00e0 di pagamento. Scegli semplicemente la modalit\u00e0 di pagamento pi\u00f9 adatta a te. I prezzi indicati nelle rispettive offerte sono prezzi finali. Includono tutte le voci di prezzo, incluse eventuali tasse applicabili come l&#8217;IVA. Solo in caso di spedizione transfrontaliera, in singoli casi, potrebbero essere dovute da te ulteriori tasse (ad es. in caso di acquisto intracomunitario) e\/o oneri (ad es. dazi doganali), ma non al venditore, bens\u00ec alle autorit\u00e0 doganali o fiscali competenti del luogo. Le spese di spedizione e consegna applicabili non sono incluse nel prezzo di acquisto, sono consultabili sulla pagina \u201cSpedizione &amp; Consegna\u201d, vengono indicate separatamente durante il processo di ordine e sono a tuo carico.<\/p>\n\n<p><em>PayPal<\/em><em> (carta di credito, addebito diretto, bonifico bancario)<\/em><em><\/em><\/p>\n\n<p><em>Pagamento anticipato tramite bonifico bancario (tempo di elaborazione circa 2 giorni lavorativi)<\/em><\/p>\n\n<p>Carta di credito<\/p>\n\n<p>Klarna (fattura, pagamento rateale, Sofort &#8211; alcuni metodi non sono disponibili in tutti i paesi)<\/p>\n\n<h2 class=\"wp-block-heading is-style-not-underlined\">PayPal<\/h2>\n\n<p>Pochi passaggi per il pagamento:<br\/>1. Seleziona &#8220;PayPal&#8221; come metodo di pagamento alla cassa.<br\/>2. Per elaborare il pagamento, verrai reindirizzato al sito web di PayPal.<br\/>3. Se sei gi\u00e0 cliente PayPal, puoi accedere con le tue credenziali PayPal ed effettuare il pagamento.<br\/>Se non hai ancora un conto PayPal, puoi crearne uno e quindi confermare il pagamento. Per i metodi di pagamento addebito diretto tramite PayPal, carta di credito tramite PayPal e acquisto con fattura tramite PayPal, non \u00e8 necessario creare un conto PayPal.<br\/>4. Successivamente, verrai reindirizzato a noi (<a href=\"https:\/\/www.mycover-protection.com\/it\/\">https:\/\/www.mycover-protection.com\/<\/a>). <\/p>\n\n<h2 class=\"wp-block-heading is-style-not-underlined\">Klarna<\/h2>\n\n<p>In collaborazione con Klarna Bank AB (publ), Sveav\u00e4gen 46, 111 34 Stoccolma, Svezia, ti offriamo le seguenti opzioni di pagamento. Il pagamento \u00e8 sempre indirizzato a Klarna: <\/p>\n\n<ul class=\"wp-block-list\">\n<li>Fattura: il termine di pagamento \u00e8 di 30 giorni dalla spedizione della merce\/del biglietto\/o, in caso di altri servizi, dalla fornitura del servizio. I termini e le condizioni per l&#8217;acquisto con fattura per le consegne in Germania sono disponibili all&#8217;indirizzo https:\/\/cdn.klarna.com\/1.0\/shared\/content\/legal\/terms\/EID\/de_de\/invoice?fee=0 e per le consegne in Austria all&#8217;indirizzo https:\/\/cdn.klarna.com\/1.0\/shared\/content\/legal\/terms\/EID\/de_at\/invoice?fee=0. <\/li>\n\n\n\n<li>Pagamento rateale: con il servizio di finanziamento di Klarna puoi pagare il tuo acquisto in modo flessibile in rate mensili di almeno 1\/24 dell&#8217;importo totale (minimo comunque 6,95 EUR) o alle condizioni indicate alla cassa. Il pagamento rateale \u00e8 dovuto alla fine del mese successivo all&#8217;invio di una fattura mensile da parte di Klarna. Ulteriori informazioni sull&#8217;acquisto rateale, comprese le condizioni generali di contratto e le informazioni standard europee per i crediti al consumo, sono disponibili qui: https:\/\/cdn.klarna.com\/1.0\/shared\/content\/legal\/terms\/EID\/de_de\/account  <\/li>\n\n\n\n<li>Sofort: l&#8217;addebito sul tuo conto avviene immediatamente dopo l&#8217;invio dell&#8217;ordine.<\/li>\n<\/ul>\n\n<p>L&#8217;utilizzo dei metodi di pagamento fattura, pagamento rateale e addebito diretto presuppone una verifica positiva della solvibilit\u00e0. A tal fine, trasmettiamo i tuoi dati a Klarna nell&#8217;ambito dell&#8217;avvio dell&#8217;acquisto e dell&#8217;esecuzione del contratto di acquisto ai fini della verifica dell&#8217;indirizzo e della solvibilit\u00e0. Ti preghiamo di comprendere che possiamo offrirti solo i metodi di pagamento consentiti in base ai risultati della verifica della solvibilit\u00e0. Ulteriori informazioni e le condizioni d&#8217;uso di Klarna per la Germania sono disponibili qui: https:\/\/cdn.klarna.com\/1.0\/shared\/content\/legal\/terms\/K502554\/de_de\/user e per l&#8217;Austria qui: https:\/\/cdn.klarna.com\/1.0\/shared\/content\/legal\/terms\/K502554\/de_at\/user. Informazioni generali su Klarna sono disponibili qui: www.klarna.com. I tuoi dati personali vengono trattati da Klarna in conformit\u00e0 con le disposizioni vigenti in materia di protezione dei dati e in conformit\u00e0 con le informazioni contenute nella politica sulla privacy di Klarna Germania\/Austria.    <\/p>\n","protected":false},"excerpt":{"rendered":"<p>Ti offriamo le seguenti modalit\u00e0 di pagamento. Scegli semplicemente la modalit\u00e0 di pagamento pi\u00f9 adatta a te. I prezzi indicati nelle rispettive offerte sono prezzi finali. Includono tutte le voci di prezzo, incluse eventuali tasse applicabili come l&#8217;IVA. Solo in caso di spedizione transfrontaliera, in singoli casi, potrebbero essere dovute da te ulteriori tasse (ad [&#8230;]<\/p>\n","protected":false},"author":11,"featured_media":0,"parent":0,"menu_order":0,"comment_status":"closed","ping_status":"closed","template":"page-no-breadcrumb.php","meta":{"footnotes":""},"class_list":["post-43002","page","type-page","status-publish","hentry"],"yoast_head":"<!-- This site is optimized with the Yoast SEO plugin v27.4 - https:\/\/yoast.com\/product\/yoast-seo-wordpress\/ -->\n<title>Metodi di pagamento - MYCOVER\u00ae Online Shop<\/title>\n<meta name=\"robots\" content=\"noindex, follow\" \/>\n<meta property=\"og:locale\" content=\"it_IT\" \/>\n<meta property=\"og:type\" content=\"article\" \/>\n<meta property=\"og:title\" content=\"Metodi di pagamento - MYCOVER\u00ae Online Shop\" \/>\n<meta property=\"og:description\" content=\"Ti offriamo le seguenti modalit\u00e0 di pagamento. Scegli semplicemente la modalit\u00e0 di pagamento pi\u00f9 adatta a te. I prezzi indicati nelle rispettive offerte sono prezzi finali. Includono tutte le voci di prezzo, incluse eventuali tasse applicabili come l&#8217;IVA. Solo in caso di spedizione transfrontaliera, in singoli casi, potrebbero essere dovute da te ulteriori tasse (ad [...]\" \/>\n<meta property=\"og:url\" content=\"https:\/\/www.mycover-protection.com\/it\/metodi-di-pagamento\/\" \/>\n<meta property=\"og:site_name\" content=\"MYCOVER\u00ae Online Shop\" \/>\n<meta property=\"article:publisher\" content=\"https:\/\/www.facebook.com\/Mycover-114242613377158\/\" \/>\n<meta property=\"article:modified_time\" content=\"2026-02-04T10:07:01+00:00\" \/>\n<meta property=\"og:image\" content=\"https:\/\/www.mycover-protection.com\/wp-content\/uploads\/2019\/12\/WF_IMG_7091.png\" \/>\n\t<meta property=\"og:image:width\" content=\"600\" \/>\n\t<meta property=\"og:image:height\" content=\"771\" \/>\n\t<meta property=\"og:image:type\" content=\"image\/png\" \/>\n<meta name=\"twitter:card\" content=\"summary_large_image\" \/>\n<meta name=\"twitter:label1\" content=\"Tempo di lettura stimato\" \/>\n\t<meta name=\"twitter:data1\" content=\"3 minuti\" \/>\n<script type=\"application\/ld+json\" class=\"yoast-schema-graph\">{\"@context\":\"https:\\\/\\\/schema.org\",\"@graph\":[{\"@type\":\"WebPage\",\"@id\":\"https:\\\/\\\/www.mycover-protection.com\\\/it\\\/metodi-di-pagamento\\\/\",\"url\":\"https:\\\/\\\/www.mycover-protection.com\\\/it\\\/metodi-di-pagamento\\\/\",\"name\":\"Metodi di pagamento - MYCOVER\u00ae Online Shop\",\"isPartOf\":{\"@id\":\"https:\\\/\\\/www.mycover-protection.com\\\/it\\\/#website\"},\"datePublished\":\"2025-04-02T11:50:31+00:00\",\"dateModified\":\"2026-02-04T10:07:01+00:00\",\"breadcrumb\":{\"@id\":\"https:\\\/\\\/www.mycover-protection.com\\\/it\\\/metodi-di-pagamento\\\/#breadcrumb\"},\"inLanguage\":\"it-IT\",\"potentialAction\":[{\"@type\":\"ReadAction\",\"target\":[\"https:\\\/\\\/www.mycover-protection.com\\\/it\\\/metodi-di-pagamento\\\/\"]}]},{\"@type\":\"BreadcrumbList\",\"@id\":\"https:\\\/\\\/www.mycover-protection.com\\\/it\\\/metodi-di-pagamento\\\/#breadcrumb\",\"itemListElement\":[{\"@type\":\"ListItem\",\"position\":1,\"name\":\"Startseite\",\"item\":\"https:\\\/\\\/www.mycover-protection.com\\\/it\\\/\"},{\"@type\":\"ListItem\",\"position\":2,\"name\":\"Metodi di pagamento\"}]},{\"@type\":\"WebSite\",\"@id\":\"https:\\\/\\\/www.mycover-protection.com\\\/it\\\/#website\",\"url\":\"https:\\\/\\\/www.mycover-protection.com\\\/it\\\/\",\"name\":\"MYCOVER\u00ae Online Shop\",\"description\":\"Protection at its finest\",\"publisher\":{\"@id\":\"https:\\\/\\\/www.mycover-protection.com\\\/it\\\/#organization\"},\"potentialAction\":[{\"@type\":\"SearchAction\",\"target\":{\"@type\":\"EntryPoint\",\"urlTemplate\":\"https:\\\/\\\/www.mycover-protection.com\\\/it\\\/?s={search_term_string}\"},\"query-input\":{\"@type\":\"PropertyValueSpecification\",\"valueRequired\":true,\"valueName\":\"search_term_string\"}}],\"inLanguage\":\"it-IT\"},{\"@type\":\"Organization\",\"@id\":\"https:\\\/\\\/www.mycover-protection.com\\\/it\\\/#organization\",\"name\":\"MYCOVER\u00ae - PROTECTION AT ITS FINEST\",\"url\":\"https:\\\/\\\/www.mycover-protection.com\\\/it\\\/\",\"logo\":{\"@type\":\"ImageObject\",\"inLanguage\":\"it-IT\",\"@id\":\"https:\\\/\\\/www.mycover-protection.com\\\/it\\\/#\\\/schema\\\/logo\\\/image\\\/\",\"url\":\"https:\\\/\\\/www.mycover-protection.com\\\/wp-content\\\/uploads\\\/2020\\\/01\\\/PAYPAL_190x60_mycover-white.jpg\",\"contentUrl\":\"https:\\\/\\\/www.mycover-protection.com\\\/wp-content\\\/uploads\\\/2020\\\/01\\\/PAYPAL_190x60_mycover-white.jpg\",\"width\":190,\"height\":60,\"caption\":\"MYCOVER\u00ae - PROTECTION AT ITS FINEST\"},\"image\":{\"@id\":\"https:\\\/\\\/www.mycover-protection.com\\\/it\\\/#\\\/schema\\\/logo\\\/image\\\/\"},\"sameAs\":[\"https:\\\/\\\/www.facebook.com\\\/Mycover-114242613377158\\\/\"]}]}<\/script>\n<!-- \/ Yoast SEO plugin. -->","yoast_head_json":{"title":"Metodi di pagamento - MYCOVER\u00ae Online Shop","robots":{"index":"noindex","follow":"follow"},"og_locale":"it_IT","og_type":"article","og_title":"Metodi di pagamento - MYCOVER\u00ae Online Shop","og_description":"Ti offriamo le seguenti modalit\u00e0 di pagamento. Scegli semplicemente la modalit\u00e0 di pagamento pi\u00f9 adatta a te. I prezzi indicati nelle rispettive offerte sono prezzi finali. Includono tutte le voci di prezzo, incluse eventuali tasse applicabili come l&#8217;IVA. Solo in caso di spedizione transfrontaliera, in singoli casi, potrebbero essere dovute da te ulteriori tasse (ad [...]","og_url":"https:\/\/www.mycover-protection.com\/it\/metodi-di-pagamento\/","og_site_name":"MYCOVER\u00ae Online Shop","article_publisher":"https:\/\/www.facebook.com\/Mycover-114242613377158\/","article_modified_time":"2026-02-04T10:07:01+00:00","og_image":[{"width":600,"height":771,"url":"https:\/\/www.mycover-protection.com\/wp-content\/uploads\/2019\/12\/WF_IMG_7091.png","type":"image\/png"}],"twitter_card":"summary_large_image","twitter_misc":{"Tempo di lettura stimato":"3 minuti"},"schema":{"@context":"https:\/\/schema.org","@graph":[{"@type":"WebPage","@id":"https:\/\/www.mycover-protection.com\/it\/metodi-di-pagamento\/","url":"https:\/\/www.mycover-protection.com\/it\/metodi-di-pagamento\/","name":"Metodi di pagamento - MYCOVER\u00ae Online Shop","isPartOf":{"@id":"https:\/\/www.mycover-protection.com\/it\/#website"},"datePublished":"2025-04-02T11:50:31+00:00","dateModified":"2026-02-04T10:07:01+00:00","breadcrumb":{"@id":"https:\/\/www.mycover-protection.com\/it\/metodi-di-pagamento\/#breadcrumb"},"inLanguage":"it-IT","potentialAction":[{"@type":"ReadAction","target":["https:\/\/www.mycover-protection.com\/it\/metodi-di-pagamento\/"]}]},{"@type":"BreadcrumbList","@id":"https:\/\/www.mycover-protection.com\/it\/metodi-di-pagamento\/#breadcrumb","itemListElement":[{"@type":"ListItem","position":1,"name":"Startseite","item":"https:\/\/www.mycover-protection.com\/it\/"},{"@type":"ListItem","position":2,"name":"Metodi di pagamento"}]},{"@type":"WebSite","@id":"https:\/\/www.mycover-protection.com\/it\/#website","url":"https:\/\/www.mycover-protection.com\/it\/","name":"MYCOVER\u00ae Online Shop","description":"Protection at its finest","publisher":{"@id":"https:\/\/www.mycover-protection.com\/it\/#organization"},"potentialAction":[{"@type":"SearchAction","target":{"@type":"EntryPoint","urlTemplate":"https:\/\/www.mycover-protection.com\/it\/?s={search_term_string}"},"query-input":{"@type":"PropertyValueSpecification","valueRequired":true,"valueName":"search_term_string"}}],"inLanguage":"it-IT"},{"@type":"Organization","@id":"https:\/\/www.mycover-protection.com\/it\/#organization","name":"MYCOVER\u00ae - PROTECTION AT ITS FINEST","url":"https:\/\/www.mycover-protection.com\/it\/","logo":{"@type":"ImageObject","inLanguage":"it-IT","@id":"https:\/\/www.mycover-protection.com\/it\/#\/schema\/logo\/image\/","url":"https:\/\/www.mycover-protection.com\/wp-content\/uploads\/2020\/01\/PAYPAL_190x60_mycover-white.jpg","contentUrl":"https:\/\/www.mycover-protection.com\/wp-content\/uploads\/2020\/01\/PAYPAL_190x60_mycover-white.jpg","width":190,"height":60,"caption":"MYCOVER\u00ae - PROTECTION AT ITS FINEST"},"image":{"@id":"https:\/\/www.mycover-protection.com\/it\/#\/schema\/logo\/image\/"},"sameAs":["https:\/\/www.facebook.com\/Mycover-114242613377158\/"]}]}},"_links":{"self":[{"href":"https:\/\/www.mycover-protection.com\/it\/wp-json\/wp\/v2\/pages\/43002","targetHints":{"allow":["GET"]}}],"collection":[{"href":"https:\/\/www.mycover-protection.com\/it\/wp-json\/wp\/v2\/pages"}],"about":[{"href":"https:\/\/www.mycover-protection.com\/it\/wp-json\/wp\/v2\/types\/page"}],"author":[{"embeddable":true,"href":"https:\/\/www.mycover-protection.com\/it\/wp-json\/wp\/v2\/users\/11"}],"replies":[{"embeddable":true,"href":"https:\/\/www.mycover-protection.com\/it\/wp-json\/wp\/v2\/comments?post=43002"}],"version-history":[{"count":5,"href":"https:\/\/www.mycover-protection.com\/it\/wp-json\/wp\/v2\/pages\/43002\/revisions"}],"predecessor-version":[{"id":64795,"href":"https:\/\/www.mycover-protection.com\/it\/wp-json\/wp\/v2\/pages\/43002\/revisions\/64795"}],"wp:attachment":[{"href":"https:\/\/www.mycover-protection.com\/it\/wp-json\/wp\/v2\/media?parent=43002"}],"curies":[{"name":"wp","href":"https:\/\/api.w.org\/{rel}","templated":true}]}}